{"id":1605,"date":"2022-02-12T10:47:02","date_gmt":"2022-02-12T09:47:02","guid":{"rendered":"https:\/\/ronds-points.ch\/?page_id=1605"},"modified":"2022-06-30T22:51:11","modified_gmt":"2022-06-30T20:51:11","slug":"wie-oder-was","status":"publish","type":"page","link":"https:\/\/ronds-points.ch\/de\/comment\/","title":{"rendered":"Wie"},"content":{"rendered":"<p>[et_pb_section fb_built=\u00a0\u00bb1&Prime; _builder_version=\u00a0\u00bb4.16&Prime; _module_preset=\u00a0\u00bbdefault\u00a0\u00bb use_background_color_gradient=\u00a0\u00bbon\u00a0\u00bb background_color_gradient_direction=\u00a0\u00bb90deg\u00a0\u00bb background_color_gradient_stops=\u00a0\u00bb#191000 20%|#ffffff 75%\u00a0\u00bb background_color_gradient_start=\u00a0\u00bb#191000&Prime; background_color_gradient_start_position=\u00a0\u00bb20%\u00a0\u00bb background_color_gradient_end=\u00a0\u00bb#ffffff\u00a0\u00bb background_color_gradient_end_position=\u00a0\u00bb75%\u00a0\u00bb background_image=\u00a0\u00bbhttps:\/\/ronds-points.ch\/wp-content\/uploads\/2022\/02\/384616.jpg\u00a0\u00bb background_blend=\u00a0\u00bbmultiply\u00a0\u00bb min_height=\u00a0\u00bb450px\u00a0\u00bb global_colors_info=\u00a0\u00bb{}\u00a0\u00bb][et_pb_row _builder_version=\u00a0\u00bb4.16&Prime; _module_preset=\u00a0\u00bbdefault\u00a0\u00bb global_colors_info=\u00a0\u00bb{}\u00a0\u00bb][et_pb_column type=\u00a0\u00bb4_4&Prime; _builder_version=\u00a0\u00bb4.16&Prime; _module_preset=\u00a0\u00bbdefault\u00a0\u00bb global_colors_info=\u00a0\u00bb{}\u00a0\u00bb][et_pb_text _builder_version=\u00a0\u00bb4.16&Prime; _module_preset=\u00a0\u00bbdefault\u00a0\u00bb header_2_font=\u00a0\u00bbOswald||||||||\u00a0\u00bb header_2_text_color=\u00a0\u00bb#FFFFFF\u00a0\u00bb header_2_font_size=\u00a0\u00bb90px\u00a0\u00bb header_2_line_height=\u00a0\u00bb1.1em\u00a0\u00bb text_orientation=\u00a0\u00bbcenter\u00a0\u00bb custom_margin=\u00a0\u00bb43px||||false|false\u00a0\u00bb custom_margin_tablet=\u00a0\u00bb\u00a0\u00bb custom_margin_phone=\u00a0\u00bb65px||||false|false\u00a0\u00bb custom_margin_last_edited=\u00a0\u00bbon|phone\u00a0\u00bb header_2_font_size_tablet=\u00a0\u00bb\u00a0\u00bb header_2_font_size_phone=\u00a0\u00bb50px\u00a0\u00bb header_2_font_size_last_edited=\u00a0\u00bbon|phone\u00a0\u00bb global_colors_info=\u00a0\u00bb{}\u00a0\u00bb]<\/p>\n<h2>CONDUIRE DANS UN GIRATOIRE<\/h2>\n<p>[\/et_pb_text][\/et_pb_column][\/et_pb_row][\/et_pb_section][et_pb_section fb_built=\u00a0\u00bb1&Prime; _builder_version=\u00a0\u00bb4.16&Prime; _module_preset=\u00a0\u00bbdefault\u00a0\u00bb collapsed=\u00a0\u00bboff\u00a0\u00bb global_colors_info=\u00a0\u00bb{}\u00a0\u00bb][et_pb_row _builder_version=\u00a0\u00bb4.16&Prime; _module_preset=\u00a0\u00bbdefault\u00a0\u00bb custom_padding=\u00a0\u00bb72px|||||\u00a0\u00bb global_colors_info=\u00a0\u00bb{}\u00a0\u00bb][et_pb_column type=\u00a0\u00bb4_4&Prime; _builder_version=\u00a0\u00bb4.16&Prime; _module_preset=\u00a0\u00bbdefault\u00a0\u00bb global_colors_info=\u00a0\u00bb{}\u00a0\u00bb][et_pb_text _builder_version=\u00a0\u00bb4.17.4&Prime; _module_preset=\u00a0\u00bbdefault\u00a0\u00bb text_font_size=\u00a0\u00bb25px\u00a0\u00bb header_2_font=\u00a0\u00bbOswald||||||||\u00a0\u00bb header_2_font_size=\u00a0\u00bb50px\u00a0\u00bb header_3_font=\u00a0\u00bbTangerine||||||||\u00a0\u00bb header_3_text_color=\u00a0\u00bb#0C71C3&Prime; header_3_font_size=\u00a0\u00bb100px\u00a0\u00bb text_orientation=\u00a0\u00bbcenter\u00a0\u00bb custom_margin=\u00a0\u00bb||24px|||\u00a0\u00bb global_colors_info=\u00a0\u00bb{}\u00a0\u00bb]<\/p>\n<h2>La probl\u00e9matique<\/h2>\n<p>[\/et_pb_text][et_pb_text _builder_version=\u00a0\u00bb4.17.4&Prime; _module_preset=\u00a0\u00bbdefault\u00a0\u00bb text_font_size=\u00a0\u00bb21px\u00a0\u00bb text_line_height=\u00a0\u00bb1.5em\u00a0\u00bb ul_line_height=\u00a0\u00bb1.7em\u00a0\u00bb header_2_font=\u00a0\u00bbOswald||||||||\u00a0\u00bb header_2_font_size=\u00a0\u00bb50px\u00a0\u00bb hover_enabled=\u00a0\u00bb0&Prime; global_colors_info=\u00a0\u00bb{}\u00a0\u00bb sticky_enabled=\u00a0\u00bb0&Prime;]<\/p>\n<p>En Suisse les r\u00e8gles de circulations sont contenues dans la \u00ab\u00a0<a href=\"https:\/\/fedlex.data.admin.ch\/filestore\/fedlex.data.admin.ch\/eli\/cc\/1959\/679_705_685\/20190101\/fr\/pdf-a\/fedlex-data-admin-ch-eli-cc-1959-679_705_685-20190101-fr-pdf-a.pdf\" target=\"_blank\" rel=\"noopener\">Loi f\u00e9d\u00e9rale sur la circulation routi\u00e8re (LCR)<\/a>\u00a0\u00bb qui est compl\u00e9t\u00e9e par les \u00ab\u00a0<a href=\"https:\/\/fedlex.data.admin.ch\/filestore\/fedlex.data.admin.ch\/eli\/cc\/1962\/1364_1409_1420\/20210101\/fr\/pdf-a\/fedlex-data-admin-ch-eli-cc-1962-1364_1409_1420-20210101-fr-pdf-a.pdf\" target=\"_blank\" rel=\"noopener\">ordonnances sur les r\u00e8gles de la circulation routi\u00e8re (OCR)<\/a>\u00ab\u00a0.<\/p>\n<p>Si celles-ci fixent bien des r\u00e8gles concernant les priorit\u00e9s \u00e0 l&rsquo;entr\u00e9e d&rsquo;un \u00ab\u00a0carrefour \u00e0 sens giratoire\u00a0\u00bb, les priorit\u00e9s lorsqu&rsquo;on roule \u00e0 l&rsquo;int\u00e9rieur de celui-ci ainsi que les obligations li\u00e9es \u00e0 l&rsquo;usage des indicateurs au moment de changer de voie ou de sortir de ce type de carrefour (Art.41b), rien de d\u00e9finit la position qu&rsquo;il convient d&rsquo;adopter en particulier dans un carrefour \u00e0 sens giratoire disposant de plusieurs voies de circulation, ce qui cr\u00e9e un certain nombre de sitations conflictuelles, chacun pensant avoir la loi de son c\u00f4t\u00e9 !<\/p>\n<p>Pour tenter de combler cette apparente lacune, les services responsables de la circulation ont d\u00e9fini un certain nombre de \u00ab\u00a0recommandations\u00a0\u00bb qui n&rsquo;ont donc que valeur de recommandation mais qui sont conforme \u00e0 l&rsquo;usage europ\u00e9en en la mati\u00e8re. Ces recommandations identifient en particulier le comportement \u00e0 adoter lorsque l&rsquo;on roule dans un carrefour \u00e0 sens giratoire \u00e0 plusieurs voies. A ce titre il est recommand\u00e9 de:<\/p>\n<ul>\n<li><em>rouler sur la voie de droite d\u00e8s que votre sortie est dans la moiti\u00e9 droite du carrefour<\/em><\/li>\n<li><em>rouler sur la voie de gauche dans les autres cas<\/em><\/li>\n<\/ul>\n<p>Une singularit\u00e9 notable est signal\u00e9e dans ces r\u00e8gles d&rsquo;usage lorsque vous circulez sur une route \u00e0 deux voies avant d&rsquo;enter dans un carrefour \u00e0 sens giratoire disposant lui-m\u00eame de 2 voies et dont la route sur laquelle vous vous engagez en sortie de ce carrefour \u00e0 sens giratoie dispose \u00e9galement de deux voies :<\/p>\n<blockquote>\n<p><em>si vous entrez en roulant sur la voies de gauche avant le carrefour \u00e0 sens giratoire, vous continuerez de rouler sur la voie de gauche \u00e0 l&rsquo;int\u00e9rieur de celui-ci et le quietteraz en restant toujours \u00e0 gauche -dans la mesure o\u00f9 vous ne coupez pas le route \u00e0 un autre v\u00e9hicule lors de cette manoeuvre. Concr\u00e8tement cela signifie que si deux v\u00e9hicules roulent c\u00f4te \u00e0 c\u00f4te en entrant dans le giratoire et que les deux ont clairement indiqu\u00e9 leur intention de sortir \u00e0 la prochaine sortie, il est tout \u00e0 fait correct qu&rsquo;ils continuent de rouler c\u00f4te \u00e0 c\u00f4te et sortent en m\u00eame temps du carrefour \u00e0 sens giratoie, l&rsquo;un sur la voie de droite, l&rsquo;autre sur la voie de gauche !<\/em><\/p>\n<\/blockquote>\n<p>&nbsp;<\/p>\n<p>[\/et_pb_text][\/et_pb_column][\/et_pb_row][et_pb_row _builder_version=\u00a0\u00bb4.16&Prime; _module_preset=\u00a0\u00bbdefault\u00a0\u00bb custom_padding=\u00a0\u00bb72px|||||\u00a0\u00bb global_colors_info=\u00a0\u00bb{}\u00a0\u00bb][et_pb_column type=\u00a0\u00bb4_4&Prime; _builder_version=\u00a0\u00bb4.16&Prime; _module_preset=\u00a0\u00bbdefault\u00a0\u00bb global_colors_info=\u00a0\u00bb{}\u00a0\u00bb][et_pb_text _builder_version=\u00a0\u00bb4.17.4&Prime; _module_preset=\u00a0\u00bbdefault\u00a0\u00bb text_font_size=\u00a0\u00bb25px\u00a0\u00bb header_2_font=\u00a0\u00bbOswald||||||||\u00a0\u00bb header_2_font_size=\u00a0\u00bb50px\u00a0\u00bb header_3_font=\u00a0\u00bbTangerine||||||||\u00a0\u00bb header_3_text_color=\u00a0\u00bb#0C71C3&Prime; header_3_font_size=\u00a0\u00bb100px\u00a0\u00bb text_orientation=\u00a0\u00bbcenter\u00a0\u00bb custom_margin=\u00a0\u00bb||24px|||\u00a0\u00bb global_colors_info=\u00a0\u00bb{}\u00a0\u00bb]<\/p>\n<h2>R\u00e8gles de base propos\u00e9es par le TCS concernant la conduite dans les giratoires<\/h2>\n<p>[\/et_pb_text][et_pb_text _builder_version=\u00a0\u00bb4.16&Prime; _module_preset=\u00a0\u00bbdefault\u00a0\u00bb text_font_size=\u00a0\u00bb21px\u00a0\u00bb ul_line_height=\u00a0\u00bb1.7em\u00a0\u00bb header_2_font=\u00a0\u00bbOswald||||||||\u00a0\u00bb header_2_font_size=\u00a0\u00bb50px\u00a0\u00bb text_orientation=\u00a0\u00bbcenter\u00a0\u00bb global_colors_info=\u00a0\u00bb{}\u00a0\u00bb]<\/p>\n<div class=\"elementStandard elementContent elementText elementText_var0 elementTextAlign_var0 elementTextWidth-no\">\n<ul>\n<li style=\"text-align: left;\">Je ralentis \u00e0 l\u2019approche du giratoire<\/li>\n<li style=\"text-align: left;\">J\u2019accorde la priorit\u00e9 \u00e0 tout v\u00e9hicule venant de la gauche, qu\u2019il se soit engag\u00e9 dans le giratoire ou non. Si j\u2019ai suffisamment de temps pour m\u2019engager dans le giratoire sans g\u00eaner le v\u00e9hicule venant de la gauche, alors je peux le faire.<\/li>\n<li style=\"text-align: left;\">Je suis oblig\u00e9 d\u2019indiquer mon intention de quitter le giratoire en mettant mon clignotant, si possible imm\u00e9diatement apr\u00e8s la sortie pr\u00e9c\u00e9dente. En tant que cycliste, je fais un signe de la main.<\/li>\n<li style=\"text-align: left;\">Je prends garde \u00e0 ne pas couper la route aux cyclistes et v\u00e9lomoteurs en sortant du giratoire.<\/li>\n<li style=\"text-align: left;\">Je fais \u00e9galement attention aux pi\u00e9tons en approchant et en sortant du giratoire. Si un pi\u00e9ton souhaite traverser un passage pi\u00e9tons, je dois m\u2019arr\u00eater.<\/li>\n<\/ul>\n<\/div>\n<div class=\"elementStandard elementContent elementText elementText_var0 elementTextAlign_var0 elementTextWidth-no\" style=\"text-align: left;\">\n<ul><\/ul>\n<\/div>\n<div class=\"elementStandard elementContent elementText elementText_var0 elementTextAlign_var0 elementTextWidth-no\" style=\"text-align: left;\"><em>Source : <a href=\"https:\/\/www.tcs.ch\/fr\/tests-conseils\/conseils\/regles-de-circulation\/giratoires.php\">TCS Suisse<\/a><\/em><\/div>\n<div class=\"elementStandard elementContent elementText elementText_var0 elementTextAlign_var0 elementTextWidth-no\">\n<ul><\/ul>\n<\/div>\n<p>[\/et_pb_text][et_pb_text _builder_version=\u00a0\u00bb4.16&Prime; _module_preset=\u00a0\u00bbdefault\u00a0\u00bb text_font_size=\u00a0\u00bb25px\u00a0\u00bb header_2_font=\u00a0\u00bbOswald||||||||\u00a0\u00bb header_2_font_size=\u00a0\u00bb50px\u00a0\u00bb header_3_font=\u00a0\u00bbTangerine||||||||\u00a0\u00bb header_3_text_color=\u00a0\u00bb#0C71C3&Prime; header_3_font_size=\u00a0\u00bb100px\u00a0\u00bb text_orientation=\u00a0\u00bbcenter\u00a0\u00bb custom_margin=\u00a0\u00bb||24px|||\u00a0\u00bb global_colors_info=\u00a0\u00bb{}\u00a0\u00bb]<\/p>\n<h2>L&rsquo;une des meilleures explication<\/h2>\n<p>[\/et_pb_text][et_pb_image src=\u00a0\u00bbhttps:\/\/ronds-points.ch\/wp-content\/uploads\/2022\/02\/Placement-giratoire.jpg\u00a0\u00bb title_text=\u00a0\u00bbPlacement-giratoire\u00a0\u00bb align=\u00a0\u00bbcenter\u00a0\u00bb _builder_version=\u00a0\u00bb4.16&Prime; _module_preset=\u00a0\u00bbdefault\u00a0\u00bb global_colors_info=\u00a0\u00bb{}\u00a0\u00bb][\/et_pb_image][et_pb_text _builder_version=\u00a0\u00bb4.16&Prime; _module_preset=\u00a0\u00bbdefault\u00a0\u00bb text_font=\u00a0\u00bb|600|||||||\u00a0\u00bb text_text_color=\u00a0\u00bb#000000&Prime; text_font_size=\u00a0\u00bb19px\u00a0\u00bb header_2_text_color=\u00a0\u00bb#0C71C3&Prime; header_2_font_size=\u00a0\u00bb63px\u00a0\u00bb custom_margin=\u00a0\u00bb||72px|||\u00a0\u00bb custom_padding=\u00a0\u00bb|200px||200px|false|true\u00a0\u00bb custom_padding_tablet=\u00a0\u00bb|0px||0px|false|true\u00a0\u00bb custom_padding_phone=\u00a0\u00bb|0px||0px|false|true\u00a0\u00bb custom_padding_last_edited=\u00a0\u00bbon|phone\u00a0\u00bb global_colors_info=\u00a0\u00bb{}\u00a0\u00bb]<\/p>\n<h2><span>\u201c<\/span><\/h2>\n<p><span>Pour faire simple, on trace une ligne imaginaire au milieu de celui-ci, comme pour le couper en 2 :<\/span><\/p>\n<ul>\n<li>Si la sortie que vous voulez prendre se trouve\u00a0dans la moiti\u00e9 de droite, on se placera <span style=\"color: #ff6600;\">dans la voie de droite.<\/span><\/li>\n<li>Et vous l\u2019avez certainement devin\u00e9, si la sortie que vous voulez prendre se trouve dans la moiti\u00e9 de gauche, on se placera <span style=\"color: #ff6600;\">dans la voie de gauche<\/span> !<\/li>\n<\/ul>\n<p>Peu importe le nombre de sorties, c\u2019est toujours pareil ! \ud83d\ude42<\/p>\n<h2>\u201d<\/h2>\n<p><em>Source : <a href=\"https:\/\/www.videopermis.com\/bien-se-placer-dans-giratoire\/\">www.videopermis.com\/bien-se-placer-dans-giratoire\/<\/a><\/em><\/p>\n<p>[\/et_pb_text][et_pb_text _builder_version=\u00a0\u00bb4.16&Prime; _module_preset=\u00a0\u00bbdefault\u00a0\u00bb text_font_size=\u00a0\u00bb25px\u00a0\u00bb header_2_font=\u00a0\u00bbOswald||||||||\u00a0\u00bb header_2_font_size=\u00a0\u00bb50px\u00a0\u00bb header_3_font=\u00a0\u00bbTangerine||||||||\u00a0\u00bb header_3_text_color=\u00a0\u00bb#0C71C3&Prime; header_3_font_size=\u00a0\u00bb100px\u00a0\u00bb text_orientation=\u00a0\u00bbcenter\u00a0\u00bb custom_margin=\u00a0\u00bb||24px|||\u00a0\u00bb global_colors_info=\u00a0\u00bb{}\u00a0\u00bb]<\/p>\n<h2>Quelques vid\u00e9os explicatives<\/h2>\n<p>[\/et_pb_text][et_pb_video src=\u00a0\u00bbhttps:\/\/www.youtube.com\/watch?v=LBkGpQSDvzg&#038;ab_channel=ilkogruev\u00a0\u00bb _builder_version=\u00a0\u00bb4.16&Prime; _module_preset=\u00a0\u00bbdefault\u00a0\u00bb global_colors_info=\u00a0\u00bb{}\u00a0\u00bb][\/et_pb_video][et_pb_video src=\u00a0\u00bbhttps:\/\/www.youtube.com\/watch?v=B78Lg5g7YgU\u00a0\u00bb _builder_version=\u00a0\u00bb4.16&Prime; _module_preset=\u00a0\u00bbdefault\u00a0\u00bb global_colors_info=\u00a0\u00bb{}\u00a0\u00bb][\/et_pb_video][\/et_pb_column][\/et_pb_row][\/et_pb_section]<\/p>\n","protected":false},"excerpt":{"rendered":"<p>CONDUIRE DANS UN GIRATOIRELa probl\u00e9matiqueEn Suisse les r\u00e8gles de circulations sont contenues dans la \u00ab\u00a0Loi f\u00e9d\u00e9rale sur la circulation routi\u00e8re (LCR)\u00a0\u00bb qui est compl\u00e9t\u00e9e par les \u00ab\u00a0ordonnances sur les r\u00e8gles de la circulation routi\u00e8re (OCR)\u00a0\u00bb. Si celles-ci fixent bien des r\u00e8gles concernant les priorit\u00e9s \u00e0 l&rsquo;entr\u00e9e d&rsquo;un \u00ab\u00a0carrefour \u00e0 sens giratoire\u00a0\u00bb, les priorit\u00e9s lorsqu&rsquo;on roule [&hellip;]<\/p>\n","protected":false},"author":1,"featured_media":0,"parent":0,"menu_order":50,"comment_status":"closed","ping_status":"closed","template":"","meta":{"_et_pb_use_builder":"on","_et_pb_old_content":"<!-- wp:divi\/placeholder \/-->","_et_gb_content_width":"","footnotes":""},"class_list":["post-1605","page","type-page","status-publish","hentry"],"yoast_head":"<!-- This site is optimized with the Yoast SEO plugin v27.4 - https:\/\/yoast.com\/product\/yoast-seo-wordpress\/ -->\n<title>Exemples de cr\u00e9ations en granit pour vos ronds-points<\/title>\n<meta name=\"description\" content=\"D\u00e9couvrez ici quelques exemples de conceptions que nous pouvons vous proposer, et d\u00e9couvrez-les en images dans leur environnement final\" \/>\n<meta name=\"robots\" content=\"index, follow, max-snippet:-1, max-image-preview:large, max-video-preview:-1\" \/>\n<link rel=\"canonical\" href=\"https:\/\/ronds-points.ch\/de\/wie-oder-was\/\" \/>\n<meta property=\"og:locale\" content=\"de_DE\" \/>\n<meta property=\"og:type\" content=\"article\" \/>\n<meta property=\"og:title\" content=\"Exemples de cr\u00e9ations en granit pour vos ronds-points\" \/>\n<meta property=\"og:description\" content=\"D\u00e9couvrez ici quelques exemples de conceptions que nous pouvons vous proposer, et d\u00e9couvrez-les en images dans leur environnement final\" \/>\n<meta property=\"og:url\" content=\"https:\/\/ronds-points.ch\/de\/wie-oder-was\/\" \/>\n<meta property=\"og:site_name\" content=\"Ronds Points\" \/>\n<meta property=\"article:modified_time\" content=\"2022-06-30T20:51:11+00:00\" \/>\n<meta name=\"twitter:card\" content=\"summary_large_image\" \/>\n<meta name=\"twitter:label1\" content=\"Gesch\u00e4tzte Lesezeit\" \/>\n\t<meta name=\"twitter:data1\" content=\"3\u00a0Minuten\" \/>\n<script type=\"application\/ld+json\" class=\"yoast-schema-graph\">{\"@context\":\"https:\\\/\\\/schema.org\",\"@graph\":[{\"@type\":\"WebPage\",\"@id\":\"https:\\\/\\\/ronds-points.ch\\\/comment\\\/\",\"url\":\"https:\\\/\\\/ronds-points.ch\\\/comment\\\/\",\"name\":\"Exemples de cr\u00e9ations en granit pour vos ronds-points\",\"isPartOf\":{\"@id\":\"https:\\\/\\\/ronds-points.ch\\\/#website\"},\"datePublished\":\"2022-02-12T09:47:02+00:00\",\"dateModified\":\"2022-06-30T20:51:11+00:00\",\"description\":\"D\u00e9couvrez ici quelques exemples de conceptions que nous pouvons vous proposer, et d\u00e9couvrez-les en images dans leur environnement final\",\"breadcrumb\":{\"@id\":\"https:\\\/\\\/ronds-points.ch\\\/comment\\\/#breadcrumb\"},\"inLanguage\":\"de\",\"potentialAction\":[{\"@type\":\"ReadAction\",\"target\":[\"https:\\\/\\\/ronds-points.ch\\\/comment\\\/\"]}]},{\"@type\":\"BreadcrumbList\",\"@id\":\"https:\\\/\\\/ronds-points.ch\\\/comment\\\/#breadcrumb\",\"itemListElement\":[{\"@type\":\"ListItem\",\"position\":1,\"name\":\"Accueil\",\"item\":\"https:\\\/\\\/ronds-points.ch\\\/\"},{\"@type\":\"ListItem\",\"position\":2,\"name\":\"Comment\"}]},{\"@type\":\"WebSite\",\"@id\":\"https:\\\/\\\/ronds-points.ch\\\/#website\",\"url\":\"https:\\\/\\\/ronds-points.ch\\\/\",\"name\":\"Ronds Points\",\"description\":\"Etude, cr\u00e9ation, fourniture et r\u00e9alisation de vos futurs ronds-points\",\"publisher\":{\"@id\":\"https:\\\/\\\/ronds-points.ch\\\/#organization\"},\"potentialAction\":[{\"@type\":\"SearchAction\",\"target\":{\"@type\":\"EntryPoint\",\"urlTemplate\":\"https:\\\/\\\/ronds-points.ch\\\/?s={search_term_string}\"},\"query-input\":{\"@type\":\"PropertyValueSpecification\",\"valueRequired\":true,\"valueName\":\"search_term_string\"}}],\"inLanguage\":\"de\"},{\"@type\":\"Organization\",\"@id\":\"https:\\\/\\\/ronds-points.ch\\\/#organization\",\"name\":\"Aux Arts de la Pierre\",\"url\":\"https:\\\/\\\/ronds-points.ch\\\/\",\"logo\":{\"@type\":\"ImageObject\",\"inLanguage\":\"de\",\"@id\":\"https:\\\/\\\/ronds-points.ch\\\/#\\\/schema\\\/logo\\\/image\\\/\",\"url\":\"https:\\\/\\\/ronds-points.ch\\\/wp-content\\\/uploads\\\/2021\\\/01\\\/LG-K-aap.jpg\",\"contentUrl\":\"https:\\\/\\\/ronds-points.ch\\\/wp-content\\\/uploads\\\/2021\\\/01\\\/LG-K-aap.jpg\",\"width\":469,\"height\":469,\"caption\":\"Aux Arts de la Pierre\"},\"image\":{\"@id\":\"https:\\\/\\\/ronds-points.ch\\\/#\\\/schema\\\/logo\\\/image\\\/\"}}]}<\/script>\n<!-- \/ Yoast SEO plugin. -->","yoast_head_json":{"title":"Beispiele f\u00fcr Granitkreationen f\u00fcr Ihre Kreisverkehre","description":"Entdecken Sie hier einige Designbeispiele, die wir Ihnen anbieten k\u00f6nnen, und entdecken Sie sie in Bildern in ihrer endg\u00fcltigen Umgebung","robots":{"index":"index","follow":"follow","max-snippet":"max-snippet:-1","max-image-preview":"max-image-preview:large","max-video-preview":"max-video-preview:-1"},"canonical":"https:\/\/ronds-points.ch\/de\/wie-oder-was\/","og_locale":"de_DE","og_type":"article","og_title":"Exemples de cr\u00e9ations en granit pour vos ronds-points","og_description":"D\u00e9couvrez ici quelques exemples de conceptions que nous pouvons vous proposer, et d\u00e9couvrez-les en images dans leur environnement final","og_url":"https:\/\/ronds-points.ch\/de\/wie-oder-was\/","og_site_name":"Ronds Points","article_modified_time":"2022-06-30T20:51:11+00:00","twitter_card":"summary_large_image","twitter_misc":{"Gesch\u00e4tzte Lesezeit":"3\u00a0Minuten"},"schema":{"@context":"https:\/\/schema.org","@graph":[{"@type":"WebPage","@id":"https:\/\/ronds-points.ch\/comment\/","url":"https:\/\/ronds-points.ch\/comment\/","name":"Beispiele f\u00fcr Granitkreationen f\u00fcr Ihre Kreisverkehre","isPartOf":{"@id":"https:\/\/ronds-points.ch\/#website"},"datePublished":"2022-02-12T09:47:02+00:00","dateModified":"2022-06-30T20:51:11+00:00","description":"Entdecken Sie hier einige Designbeispiele, die wir Ihnen anbieten k\u00f6nnen, und entdecken Sie sie in Bildern in ihrer endg\u00fcltigen Umgebung","breadcrumb":{"@id":"https:\/\/ronds-points.ch\/comment\/#breadcrumb"},"inLanguage":"de","potentialAction":[{"@type":"ReadAction","target":["https:\/\/ronds-points.ch\/comment\/"]}]},{"@type":"BreadcrumbList","@id":"https:\/\/ronds-points.ch\/comment\/#breadcrumb","itemListElement":[{"@type":"ListItem","position":1,"name":"Accueil","item":"https:\/\/ronds-points.ch\/"},{"@type":"ListItem","position":2,"name":"Comment"}]},{"@type":"WebSite","@id":"https:\/\/ronds-points.ch\/#website","url":"https:\/\/ronds-points.ch\/","name":"Kreisverkehre","description":"Studie, Erstellung, Lieferung und Bau Ihrer zuk\u00fcnftigen Kreisverkehre","publisher":{"@id":"https:\/\/ronds-points.ch\/#organization"},"potentialAction":[{"@type":"SearchAction","target":{"@type":"EntryPoint","urlTemplate":"https:\/\/ronds-points.ch\/?s={search_term_string}"},"query-input":{"@type":"PropertyValueSpecification","valueRequired":true,"valueName":"search_term_string"}}],"inLanguage":"de"},{"@type":"Organization","@id":"https:\/\/ronds-points.ch\/#organization","name":"Zu den Steink\u00fcnsten","url":"https:\/\/ronds-points.ch\/","logo":{"@type":"ImageObject","inLanguage":"de","@id":"https:\/\/ronds-points.ch\/#\/schema\/logo\/image\/","url":"https:\/\/ronds-points.ch\/wp-content\/uploads\/2021\/01\/LG-K-aap.jpg","contentUrl":"https:\/\/ronds-points.ch\/wp-content\/uploads\/2021\/01\/LG-K-aap.jpg","width":469,"height":469,"caption":"Aux Arts de la Pierre"},"image":{"@id":"https:\/\/ronds-points.ch\/#\/schema\/logo\/image\/"}}]}},"_links":{"self":[{"href":"https:\/\/ronds-points.ch\/de\/wp-json\/wp\/v2\/pages\/1605","targetHints":{"allow":["GET"]}}],"collection":[{"href":"https:\/\/ronds-points.ch\/de\/wp-json\/wp\/v2\/pages"}],"about":[{"href":"https:\/\/ronds-points.ch\/de\/wp-json\/wp\/v2\/types\/page"}],"author":[{"embeddable":true,"href":"https:\/\/ronds-points.ch\/de\/wp-json\/wp\/v2\/users\/1"}],"replies":[{"embeddable":true,"href":"https:\/\/ronds-points.ch\/de\/wp-json\/wp\/v2\/comments?post=1605"}],"version-history":[{"count":7,"href":"https:\/\/ronds-points.ch\/de\/wp-json\/wp\/v2\/pages\/1605\/revisions"}],"predecessor-version":[{"id":1707,"href":"https:\/\/ronds-points.ch\/de\/wp-json\/wp\/v2\/pages\/1605\/revisions\/1707"}],"wp:attachment":[{"href":"https:\/\/ronds-points.ch\/de\/wp-json\/wp\/v2\/media?parent=1605"}],"curies":[{"name":"wp","href":"https:\/\/api.w.org\/{rel}","templated":true}]}}