{"id":1992,"date":"2026-03-16T11:31:47","date_gmt":"2026-03-16T10:31:47","guid":{"rendered":"https:\/\/ronds-points.ch\/?page_id=1992"},"modified":"2026-03-16T11:33:20","modified_gmt":"2026-03-16T10:33:20","slug":"riservatezza","status":"publish","type":"page","link":"https:\/\/ronds-points.ch\/it\/confidentialite\/","title":{"rendered":"riservatezza"},"content":{"rendered":"<p>[et_pb_section fb_built=\u00a0\u00bb1&Prime; _builder_version=\u00a0\u00bb4.16&Prime; _module_preset=\u00a0\u00bbdefault\u00a0\u00bb da_disable_devices=\u00a0\u00bboff|off|off\u00a0\u00bb global_colors_info=\u00a0\u00bb{}\u00a0\u00bb da_is_popup=\u00a0\u00bboff\u00a0\u00bb da_exit_intent=\u00a0\u00bboff\u00a0\u00bb da_has_close=\u00a0\u00bbon\u00a0\u00bb da_alt_close=\u00a0\u00bboff\u00a0\u00bb da_dark_close=\u00a0\u00bboff\u00a0\u00bb da_not_modal=\u00a0\u00bbon\u00a0\u00bb da_is_singular=\u00a0\u00bboff\u00a0\u00bb da_with_loader=\u00a0\u00bboff\u00a0\u00bb da_has_shadow=\u00a0\u00bbon\u00a0\u00bb][et_pb_row _builder_version=\u00a0\u00bb4.22.1&Prime; _module_preset=\u00a0\u00bbdefault\u00a0\u00bb global_colors_info=\u00a0\u00bb{}\u00a0\u00bb][et_pb_column type=\u00a0\u00bb4_4&Prime; _builder_version=\u00a0\u00bb4.16&Prime; _module_preset=\u00a0\u00bbdefault\u00a0\u00bb global_colors_info=\u00a0\u00bb{}\u00a0\u00bb][et_pb_text _builder_version=\u00a0\u00bb4.27.6&Prime; _module_preset=\u00a0\u00bbdefault\u00a0\u00bb text_font_size=\u00a0\u00bb11px\u00a0\u00bb link_font=\u00a0\u00bb|800|||on||||\u00a0\u00bb link_text_color=\u00a0\u00bb#000000&Prime; hover_enabled=\u00a0\u00bb0&Prime; global_colors_info=\u00a0\u00bb{}\u00a0\u00bb sticky_enabled=\u00a0\u00bb0&Prime;]<\/p>\n<p style=\"text-align: justify;\">POLITIQUE DE CONFIDENTIALIT\u00c9<\/p>\n<p style=\"text-align: justify;\"><style>\n.my-column {\n  float: left;\n  width: 50%;\n  padding: 15px;\n}  \n.my-row:after {\n  content: \"\";\n  display: table;\n  clear: both;\n} \n  \n.my-amper{\n\tcolor:black; \n\tfont-size:large; \n\tfont-weight:bold;\n}  \n.my-title-1st-letter{\n\tfont-family=Open-Sans, Arial, sans-serif; \n\tcolor:black; \n\tfont-size:x-large; \n\tfont-weight:bold;\t\t  \n}\n.my-title-txt{\n\tfont-size:initial; \n\tcolor:black; \n\tfont-weight:bold; \n\ttext-transform: uppercase;\n\tline-height:1.5em!important;\t\n}\n.entry-content table:not(.variations) {\n    border: 0px solid #eee!important;\n    margin: 0 0 15px;\n    text-align: justify!important;\n    width: 100%; \n }\n.my-paragraphe{\n\tfont-family=initial; \n\tcolor:#666666; \n\tfont-size:12px; \n\tfont-weight:initial; \n\tline-height:1.5em!important;\t\n\tmargin-left:37px;\n\t<!-- text-transform: lowercase!important; -->\n}  \n  hr {\n\tborder:none; \n\tborder-bottom:1.5px \n\tsolid black;\n}    \n\n  \n.et_pb_text_3 h2{\n    font-variant:none!important;\n}\n  \n@media screen and (max-width: 600px) {\n  .my-column {\n    width: 100%;\n    }\n.my-paragraphe{\n\tmargin-left:0px;\n\t}  \n}  \n  \n<\/style>\n\n\n<div class=\"my-row\">\n\n\n<!-- premiere colonne --><div class=\"my-column\">\n\n\n<!-- BLOC DE TEXTE TITRE DE LA PAGE --\n<span><h1>POLITIQUE DE CONFIDENTIALIT\u00c9<\/h1><\/span>\t\t\t\t\t\t\t\t\t\t\t\t\t\t   \n<br>&nbsp;\t\n<\/p>  \n\n\n\n<!-- BLOC DE TEXTE -->\n<span class=\"my-amper\">&para;&nbsp;&nbsp;&#183;&nbsp;&nbsp;<span class=\"my-title-txt\">VOS DROITS<\/span>\t\t\t\t\t\t\t\t\t\t\t\t\t\t   \n<hr>\n<!-- Paragraphes de texte -->\n<p class=\"my-paragraphe\">\n<b>1.1<\/b> Conform\u00e9ment aux articles25 et suivants de la LPD, <b>vous disposez des droit suivants<\/b> :\n<br>- Droit d'acc\u00e8s : vous avez \u00e0 tout moment le droit de conna\u00eetre en particulier quelles donn\u00e9es personnelles sont trait\u00e9es\n<br>- Droit \u00e0 l\u2019information : vous avez le droit d\u2019\u00eatre inform\u00e9 sur la fa\u00e7on dont vos donn\u00e9es sont utilis\u00e9es\n<br>- Droit de retirer le consentement : lorsque des donn\u00e9es sont trait\u00e9es sur la base d\u2019un consentement, celui-ci peut \u00eatre retir\u00e9 en tout temps\n<br>- Droit de refus de traitement : vous avez \u00e0 tout moment le droit de refuser le traitement de vos donn\u00e9es\n<br>- Droit de rectification : vous a le droit de faire rectifier et\/ou de compl\u00e9ter vos donn\u00e9es\n<br>- Droit \u00e0 la limitation du traitement : sous r\u00e9serve de dispositions l\u00e9gales contraires, vous pouvez demander de limiter le traitement qui est fait de vos donn\u00e9es\n<br>- Droit \u00e0 l'effacement\/suppression : vous avez le droit de demander l\u2019effacement ou la suppression de vos donn\u00e9es personnelles \u00e0 moins qu'une base juridique ou un int\u00e9r\u00eat l\u00e9gitime nous oblige ou nous autorise \u00e0 conserver certaines de ces donn\u00e9es\n<br>- Droit \u00e0 la remise ou \u00e0 la transmission des donn\u00e9es : vous avez droit de demander la remise ou la transmission de vos donn\u00e9es dans un format \u00e9lectronique couramment utilis\u00e9 qui permette leur r\u00e9utilisation lorsque le traitement des donn\u00e9es se fait de mani\u00e8re automatis\u00e9e, sur la base d\u2019un consentement\n<br><br><b>1.2<\/b> Certains de ces droits peuvent \u00eatre limit\u00e9s, dans les limites permises par la loi\n<br><br><b>1.3<\/b> Sous r\u00e9serve des exceptions pr\u00e9vues par la loi, l\u2019exercice de ces droits est gratuit\n<br><br><b>1.4<\/b> Les demandes relatives \u00e0 l\u2019exercice de vos droits doivent \u00eatre communiqu\u00e9es au responsable du traitement des donn\u00e9es (d\u00e9fini par le propri\u00e9taire du site), \u00e0 d\u00e9faut au propri\u00e9taire du site (voir article 1 des <a href=\"\/mentions-legales\/\">mentions l\u00e9gales<\/a>)\n<br>\n<br>&nbsp;\t\n<\/p>\n\n \n \n<!-- BLOC DE TEXTE -->\n<span class=\"my-amper\">&para;&nbsp;&nbsp;&#183;&nbsp;&nbsp;<span class=\"my-title-txt\">DROITS QUE VOUS AVEZ ACCORD\u00c9S<\/span>\t\t\t\t\t\t\t\t\t\t\t\t\t\t   \n<hr>\n<!-- Paragraphes de texte -->\n  <p class=\"my-paragraphe\">\nVoyez vos consentements en <a href=\"#\" data-hu-action=\"cookies-notice-revoke\">cliquant ici<\/a> (ouvrez \"D\u00e9tails de mon consentement\" en bas \u00e0 gauche)\n<br>\n<br>&nbsp;\t\n<\/p>  \n  \n \n<!-- seconde colonne --><\/div><div class=\"my-column\">\n\n\n<!-- BLOC DE TEXTE -->\n<span class=\"my-amper\">&para;&nbsp;&nbsp;&#183;&nbsp;&nbsp;<span class=\"my-title-txt\">PROTECTION DES DONN\u00c9ES<\/span>\t\t\t\t\t\t\t\t\t\t\t\t\t\t   \n<hr>\n<!-- Paragraphes de texte -->\n<p class=\"my-paragraphe\">\n<b>2.1 Liens externes<\/b>\n<br>Nous avons soigneusement v\u00e9rifi\u00e9 tous les liens \u00e0 des sites externes lors de la cr\u00e9ation de ce site. Au moment de l\u2019\u00e9tablissement des liens, nous n\u2019avons pas pu identifier de contenus en infraction avec la loi. N\u00e9anmoins, nous n\u2019avons aucune influence sur les contenus des sites li\u00e9s au n\u00f4tre. C\u2019est le prestataire de service respectif qui en assume la responsabilit\u00e9. Si jamais des sites ill\u00e9gaux peuvent \u00eatre consult\u00e9s par les liens hypertextes, nous vous prions de nous en faire part. Nous proc\u00e9derons alors \u00e0 une v\u00e9rification et nous supprimerons \u00e9ventuellement les liens.\n<br>\n<br><b>2.2 Utilisation des informations<\/b>\n<br>En principe, vous pouvez visiter notre site Web sans \u00eatre oblig\u00e9 de fournir des donn\u00e9es personnelles. Les donn\u00e9es d\u2019utilisation non-personnelles telles que votre adresse IP, le dernier site consult\u00e9, le navigateur utilis\u00e9, la date, l\u2019heure, etc., seront anonymis\u00e9es en vue de l\u2019identification de tendances et de l\u2019am\u00e9lioration de notre offre en ligne, avant d\u2019\u00eatre exploit\u00e9es en interne. Nous n\u2019en ferons aucune d\u00e9duction quant \u00e0 votre personne. En ce qui concerne l\u2019adresse IP, dans le but de prot\u00e9ger votre sph\u00e8re priv\u00e9e, le dernier octet IP sera anonymis\u00e9 par la fonction Google analytics https:\/\/tinyurl.com\/yc8dwvnrp). Vous pouvez emp\u00eacher Google Analytics de les saisir en cliquant sur le lien ci-apr\u00e8s. Un cookie \u00ab opt-out \u00bb sera appliqu\u00e9 pour emp\u00eacher la saisie ult\u00e9rieure de vos donn\u00e9es lors de votre prochaine visite de ce site Web : D\u00e9sactiver Google Analytics\n(https:\/\/tinyurl.com\/5yujhb8c)\n<br>\n<br><b>2.3 Retransmission d\u2019informations : aucune retransmission<\/b>\n<br>Les donn\u00e9es susmentionn\u00e9es ne seront ni vendues, ni partag\u00e9es avec des tiers. Exceptions : Prestataire de services externes qui traitent pour notre compte les donn\u00e9es absolument n\u00e9cessaires pour cela. Il s\u2019agit l\u00e0 en particulier des prestataires de service suivants :\n<br>\u2013 Google Inc. (Google Analytics, statistiques d\u2019acc\u00e8s) : Conform\u00e9ment aux Politiques de confidentialit\u00e9 des prestataires mentionn\u00e9s, il est garanti que les exigences de protection et de s\u00e9curit\u00e9 des donn\u00e9es seront respect\u00e9es.\n<br>\u2013 Les Conditions d\u2019utilisation de Google suppl\u00e9mentaires (https:\/\/policies.google.com\/terms?hl=fr&gl=ch ) qui r\u00e9sultent de l\u2019intervention de Google Analytics sur ce site Web sont \u00e9galement applicables\n<br>\u2013 Ce site Web peut utiliser Google Analytics, un service d\u2019analyse du Web de Google Inc. (\u00ab Google \u00bb). Google Analytics utilise ce qu\u2019on d\u00e9signe par des \u00ab cookies \u00bb, des fichiers de texte qui sont sauvegard\u00e9s sur votre ordinateur et qui permettent d\u2019analyser votre utilisation du site Web. Les donn\u00e9es g\u00e9n\u00e9r\u00e9es par le cookie \u00e0 propos de votre utilisation de ce site Web (y compris votre adresse IP) sont transmises \u00e0 un serveur de Google aux Etats-Unis et y seront sauvegard\u00e9es. Google utilisera ces informations pour \u00e9valuer votre utilisation du site Web, pour r\u00e9diger des rapports sur les activit\u00e9s du site Web pour les exploitants du site Web, et pour fournir d\u2019autres prestations de service en liaison avec l\u2019utilisation du site Web et l\u2019utilisation d\u2019Internet. D\u2019autre part, Google transmettra ces informations le cas \u00e9ch\u00e9ant \u00e0 des tiers si c\u2019est prescrit par la loi ou dans la mesure o\u00f9 des tiers traitent ces donn\u00e9es pour le compte de Google. Google ne mettra en aucun cas votre adresse IP en liaison avec d\u2019autres donn\u00e9es de Google. Vous pouvez emp\u00eacher l\u2019installation des cookies par un r\u00e9glage correspondant de votre logiciel de navigation ; nous attirons n\u00e9anmoins votre attention sur le fait que dans ce cas, vous ne pourrez pas vous servir pleinement de toutes les fonctions de ce site Web. Par l\u2019utilisation de ce site Web, vous vous d\u00e9clarez d\u2019accord avec le traitement des donn\u00e9es recueillies sur vous par Google de la mani\u00e8re d\u00e9crite plus haut et dans le but indiqu\u00e9 plus haut.\n<br>\n<br><b>2.4 Cookies<\/b>\n<br>Dans certains cas, on utilisera ce qu\u2019on d\u00e9signe par \u201ccookies\u201d (voir Google Analytics). Le navigateur peut \u00eatre param\u00e9tr\u00e9 de telle fa\u00e7on qu\u2019un avertissement vous soit affich\u00e9 \u00e0 l\u2019\u00e9cran avant la sauvegarde d\u2019un cookie. Vous pouvez \u00e9galement renoncer aux avantages apport\u00e9s par les cookies personnels. Dans ce cas, vous ne pourrez pas utiliser certaines prestations de service.\n<br>\n<br><b>2.5 Services pouvant acc\u00e9der \u00e0 vos donn\u00e9es<\/b>\n<br>En plus du formulaire de contact, les services suivant peuvent \u00eatre pr\u00e9sent ou non sur votre site avec une possibilit\u00e9 d'acc\u00e9der \u00e0 vos donn\u00e9es : Google Fonts; Google Analytics; Google Tag manager; Smush; Forminator; Age Gate; Chaty; Spotlight; ARmembers; EventCalendar; Tawk.to; SmartSupp; Join.chat; WooCommerce; Yith suite; Stripe; Twillo; PayPal; Twint;   \n<br>\n<br>&nbsp;\t\n<\/p>  \n\n<\/div>\n  \n<\/div>\n<\/p>\n<p>[\/et_pb_text][\/et_pb_column][\/et_pb_row][\/et_pb_section]<\/p>\n","protected":false},"excerpt":{"rendered":"<p>INFORMATIVA SULLA PRIVACY <style>\n.my-column {\n  float: left;\n  width: 50%;\n  padding: 15px;\n}  \n.my-row:after {\n  content: \"\";\n  display: table;\n  clear: both;\n} \n  \n.my-amper{\n\tcolor:black; \n\tfont-size:large; \n\tfont-weight:bold;\n}  \n.my-title-1st-letter{\n\tfont-family=Open-Sans, Arial, sans-serif; \n\tcolor:black; \n\tfont-size:x-large; \n\tfont-weight:bold;\t\t  \n}\n.my-title-txt{\n\tfont-size:initial; \n\tcolor:black; \n\tfont-weight:bold; \n\ttext-transform: uppercase;\n\tline-height:1.5em!important;\t\n}\n.entry-content table:not(.variations) {\n    border: 0px solid #eee!important;\n    margin: 0 0 15px;\n    text-align: justify!important;\n    width: 100%; \n }\n.my-paragraphe{\n\tfont-family=initial; \n\tcolor:#666666; \n\tfont-size:12px; \n\tfont-weight:initial; \n\tline-height:1.5em!important;\t\n\tmargin-left:37px;\n\t<!-- text-transform: lowercase!important; -->\n}  \n  hr {\n\tborder:none; \n\tborder-bottom:1.5px \n\tsolid black;\n}    \n\n  \n.et_pb_text_3 h2{\n    font-variant:none!important;\n}\n  \n@media screen and (max-width: 600px) {\n  .my-column {\n    width: 100%;\n    }\n.my-paragraphe{\n\tmargin-left:0px;\n\t}  \n}  \n  \n<\/style>\n\n\n<div class=\"my-row\">\n\n\n<!-- premiere colonne --><div class=\"my-column\">\n\n\n<!-- BLOC DE TEXTE TITRE DE LA PAGE --\n<span><h1>POLITIQUE DE CONFIDENTIALIT\u00c9<\/h1><\/span>\t\t\t\t\t\t\t\t\t\t\t\t\t\t   \n<br>&nbsp;\t\n<\/p>  \n\n\n\n<!-- BLOC DE TEXTE -->\n<span class=\"my-amper\">\u00b6 -&nbsp;&nbsp;<span class=\"my-title-txt\">I TUOI DIRITTI<\/span>\t\t\t\t\t\t\t\t\t\t\t\t\t\t   \n<hr>\n<!-- Paragraphes de texte -->\n<p class=\"my-paragraphe\">\n<b>1.1<\/b> Ai sensi degli articoli 25 e seguenti della LPD, <b>avete i seguenti diritti<\/b> :\n<br>- Diritto di accesso: avete il diritto di sapere in qualsiasi momento quali dati personali vengono trattati.\n<br>- Diritto all'informazione: avete il diritto di essere informati sulle modalit\u00e0 di utilizzo dei vostri dati.\n<br>- Diritto di revocare il consenso: se i dati sono trattati sulla base del consenso, questo pu\u00f2 essere revocato in qualsiasi momento.\n<br>- Diritto di rifiutare il trattamento: avete il diritto di rifiutare il trattamento dei vostri dati in qualsiasi momento.\n<br>- Diritto di rettifica: avete il diritto di far rettificare e\/o completare i vostri dati.\n<br>- Diritto di limitare il trattamento: fatte salve le disposizioni di legge contrarie, potete chiedere di limitare il trattamento dei vostri dati.\n<br>- Diritto alla cancellazione: l'utente ha il diritto di richiedere la cancellazione o l'eliminazione dei propri dati personali, a meno che una base legale o un interesse legittimo non richieda o autorizzi la conservazione di alcuni di questi dati.\n<br>- Diritto alla consegna o alla trasmissione dei dati: avete il diritto di chiedere che i vostri dati siano consegnati o trasmessi in un formato elettronico di uso comune che ne consenta il riutilizzo in caso di trattamento automatizzato dei dati, sulla base del consenso.\n<br><br><b>1.2<\/b> Alcuni di questi diritti possono essere limitati nella misura consentita dalla legge\n<br><br><b>1.3<\/b> Fatte salve le eccezioni previste dalla legge, l'esercizio di questi diritti \u00e8 gratuito.\n<br><br><b>1.4<\/b> Le richieste relative all'esercizio dei Suoi diritti devono essere comunicate al titolare del trattamento (definito dal titolare del sito), in mancanza al titolare del sito (cfr. art. 1 della <a href=\"\/it\/note-legali\/\">Avviso legale<\/a>)\n<br>\n<br>&nbsp;\t\n<\/p>\n\n \n \n<!-- BLOC DE TEXTE -->\n<span class=\"my-amper\">\u00b6 -&nbsp;&nbsp;<span class=\"my-title-txt\">DIRITTI CONCESSI<\/span>\t\t\t\t\t\t\t\t\t\t\t\t\t\t   \n<hr>\n<!-- Paragraphes de texte -->\n  <p class=\"my-paragraphe\">\nVedere i consensi in <a href=\"#\" data-hu-action=\"cookies-notice-revoke\">clicca qui<\/a> (aprire \"I miei dati di consenso\" in basso a sinistra)\n<br>\n<br>&nbsp;\t\n<\/p>  \n  \n \n<!-- seconde colonne --><\/div><div class=\"my-column\">\n\n\n<!-- BLOC DE TEXTE -->\n<span class=\"my-amper\">\u00b6 -&nbsp;&nbsp;<span class=\"my-title-txt\">PROTEZIONE DEI DATI<\/span>\t\t\t\t\t\t\t\t\t\t\t\t\t\t   \n<hr>\n<!-- Paragraphes de texte -->\n<p class=\"my-paragraphe\">\n<b>2.1 Collegamenti esterni<\/b>\n<br>Durante la creazione di questo sito abbiamo controllato attentamente tutti i link a siti esterni. Al momento della creazione dei link, non siamo riusciti a individuare alcun contenuto illegale. Tuttavia, non abbiamo alcuna influenza sul contenuto dei siti collegati. La responsabilit\u00e0 \u00e8 del rispettivo fornitore di servizi. Nel caso in cui si acceda a siti illegali tramite collegamenti ipertestuali, vi preghiamo di informarci. Provvederemo a controllare e, se necessario, a rimuovere i link.\n<br>\n<br><b>2.2 Utilizzo delle informazioni<\/b>\n<br>In linea di principio, \u00e8 possibile visitare il nostro sito web senza dover fornire alcun dato personale. I dati di utilizzo non personali, come l'indirizzo IP, l'ultimo sito visitato, il browser utilizzato, la data e l'ora, ecc. saranno resi anonimi per identificare le tendenze e migliorare la nostra offerta online, prima di essere utilizzati internamente. Non faremo alcuna deduzione su di voi. Per proteggere la vostra privacy, l'ultimo byte IP viene anonimizzato tramite la funzione di Google Analytics https:\/\/tinyurl.com\/yc8dwvnrp). Potete impedire a Google Analytics di raccogliere queste informazioni cliccando sul link sottostante. Alla prossima visita di questo sito web verr\u00e0 applicato un cookie di \u00abopt-out\u00bb per evitare che i vostri dati vengano nuovamente raccolti: Disattivazione di Google Analytics\n(https:\/\/tinyurl.com\/5yujhb8c)\n<br>\n<br><b>2.3 Ritrasmissione di informazioni: nessuna ritrasmissione<\/b>\n<br>I dati di cui sopra non saranno venduti o condivisi con terzi. Eccezioni: Fornitori di servizi esterni che trattano i dati per nostro conto e che sono assolutamente necessari a tale scopo. Si tratta in particolare dei seguenti fornitori di servizi:\n<br>- Google Inc (Google Analytics, statistiche di accesso): In conformit\u00e0 alle politiche sulla privacy dei fornitori di servizi citati, si garantisce il rispetto dei requisiti di protezione e sicurezza dei dati.\n<br>- Si applicano anche le ulteriori condizioni di utilizzo di Google (https:\/\/policies.google.com\/terms?hl=fr&amp;gl=ch ) che derivano dall'utilizzo di Google Analytics su questo sito web.\n<br>- Questo sito web pu\u00f2 utilizzare Google Analytics, un servizio di analisi web fornito da Google Inc (\"Google\"). Google Analytics utilizza dei \"cookies\", file di testo che vengono depositati sul vostro computer per consentire al sito web di analizzare come gli utenti utilizzano il sito. Le informazioni generate dal cookie sull'utilizzo di questo sito web da parte dell'utente (compreso il suo indirizzo IP) verranno trasmesse e memorizzate da Google su un server negli Stati Uniti. Google utilizzer\u00e0 queste informazioni allo scopo di valutare l'utilizzo del sito web da parte dell'utente, compilare report sulle attivit\u00e0 del sito web per gli operatori del sito web e fornire altri servizi relativi alle attivit\u00e0 del sito web e all'utilizzo di Internet. Google pu\u00f2 anche trasferire queste informazioni a terzi, ove ci\u00f2 sia imposto dalla legge o laddove tali terzi trattino le informazioni per conto di Google. Google non assocer\u00e0 il vostro indirizzo IP a nessun altro dato posseduto da Google. Potete rifiutarvi di usare i cookie selezionando l'impostazione appropriata sul vostro browser, ma tenete presente che in tal caso potreste non essere in grado di utilizzare tutte le funzionalit\u00e0 di questo sito web. Utilizzando il presente sito web, l'utente acconsente al trattamento dei propri dati da parte di Google per le modalit\u00e0 e i fini sopraindicati.\n<br>\n<br><b>2.4 Biscotti<\/b>\n<br>In alcuni casi vengono utilizzati i cosiddetti \"cookie\" (vedi Google Analytics). Il browser pu\u00f2 essere configurato in modo da visualizzare un avviso sullo schermo prima che un cookie venga salvato. \u00c8 inoltre possibile rinunciare ai vantaggi dei cookie personali. In questo caso, non sar\u00e0 possibile utilizzare determinati servizi.\n<br>\n<br><b>2.5 Servizi che possono accedere ai vostri dati<\/b>\n<br>Oltre al modulo di contatto, sul vostro sito possono essere presenti o meno i seguenti servizi con possibilit\u00e0 di accesso ai vostri dati: Google Fonts; Google Analytics; Google Tag manager; Smush; Forminator; Age Gate; Chaty; Spotlight; ARmembers; EventCalendar; Tawk.to; SmartSupp; Join.chat; WooCommerce; Yith suite; Stripe; Twillo; PayPal; Twint;   \n<br>\n<br>&nbsp;\t\n<\/p>  \n\n<\/div>\n  \n<\/div>\n<\/p>","protected":false},"author":1,"featured_media":0,"parent":0,"menu_order":99,"comment_status":"closed","ping_status":"closed","template":"","meta":{"_et_pb_use_builder":"on","_et_pb_old_content":"","_et_gb_content_width":"","footnotes":""},"class_list":["post-1992","page","type-page","status-publish","hentry"],"yoast_head":"<!-- This site is optimized with the Yoast SEO plugin v27.5 - https:\/\/yoast.com\/product\/yoast-seo-wordpress\/ -->\n<title>confidentialite - Ronds Points<\/title>\n<meta name=\"robots\" content=\"index, follow, max-snippet:-1, max-image-preview:large, max-video-preview:-1\" \/>\n<link rel=\"canonical\" href=\"https:\/\/ronds-points.ch\/it\/riservatezza\/\" \/>\n<meta property=\"og:locale\" content=\"it_IT\" \/>\n<meta property=\"og:type\" content=\"article\" \/>\n<meta property=\"og:title\" content=\"confidentialite - Ronds Points\" \/>\n<meta property=\"og:description\" content=\"POLITIQUE DE CONFIDENTIALIT\u00c9\" \/>\n<meta property=\"og:url\" content=\"https:\/\/ronds-points.ch\/it\/riservatezza\/\" \/>\n<meta property=\"og:site_name\" content=\"Ronds Points\" \/>\n<meta property=\"article:modified_time\" content=\"2026-03-16T10:33:20+00:00\" \/>\n<meta name=\"twitter:card\" content=\"summary_large_image\" \/>\n<script type=\"application\/ld+json\" class=\"yoast-schema-graph\">{\"@context\":\"https:\\\/\\\/schema.org\",\"@graph\":[{\"@type\":\"WebPage\",\"@id\":\"https:\\\/\\\/ronds-points.ch\\\/confidentialite\\\/\",\"url\":\"https:\\\/\\\/ronds-points.ch\\\/confidentialite\\\/\",\"name\":\"confidentialite - Ronds Points\",\"isPartOf\":{\"@id\":\"https:\\\/\\\/ronds-points.ch\\\/#website\"},\"datePublished\":\"2026-03-16T10:31:47+00:00\",\"dateModified\":\"2026-03-16T10:33:20+00:00\",\"breadcrumb\":{\"@id\":\"https:\\\/\\\/ronds-points.ch\\\/confidentialite\\\/#breadcrumb\"},\"inLanguage\":\"it-IT\",\"potentialAction\":[{\"@type\":\"ReadAction\",\"target\":[\"https:\\\/\\\/ronds-points.ch\\\/confidentialite\\\/\"]}]},{\"@type\":\"BreadcrumbList\",\"@id\":\"https:\\\/\\\/ronds-points.ch\\\/confidentialite\\\/#breadcrumb\",\"itemListElement\":[{\"@type\":\"ListItem\",\"position\":1,\"name\":\"Accueil\",\"item\":\"https:\\\/\\\/ronds-points.ch\\\/\"},{\"@type\":\"ListItem\",\"position\":2,\"name\":\"confidentialite\"}]},{\"@type\":\"WebSite\",\"@id\":\"https:\\\/\\\/ronds-points.ch\\\/#website\",\"url\":\"https:\\\/\\\/ronds-points.ch\\\/\",\"name\":\"Ronds Points\",\"description\":\"Etude, cr\u00e9ation, fourniture et r\u00e9alisation de vos futurs ronds-points\",\"publisher\":{\"@id\":\"https:\\\/\\\/ronds-points.ch\\\/#organization\"},\"potentialAction\":[{\"@type\":\"SearchAction\",\"target\":{\"@type\":\"EntryPoint\",\"urlTemplate\":\"https:\\\/\\\/ronds-points.ch\\\/?s={search_term_string}\"},\"query-input\":{\"@type\":\"PropertyValueSpecification\",\"valueRequired\":true,\"valueName\":\"search_term_string\"}}],\"inLanguage\":\"it-IT\"},{\"@type\":\"Organization\",\"@id\":\"https:\\\/\\\/ronds-points.ch\\\/#organization\",\"name\":\"Aux Arts de la Pierre\",\"url\":\"https:\\\/\\\/ronds-points.ch\\\/\",\"logo\":{\"@type\":\"ImageObject\",\"inLanguage\":\"it-IT\",\"@id\":\"https:\\\/\\\/ronds-points.ch\\\/#\\\/schema\\\/logo\\\/image\\\/\",\"url\":\"https:\\\/\\\/ronds-points.ch\\\/wp-content\\\/uploads\\\/2021\\\/01\\\/LG-K-aap.jpg\",\"contentUrl\":\"https:\\\/\\\/ronds-points.ch\\\/wp-content\\\/uploads\\\/2021\\\/01\\\/LG-K-aap.jpg\",\"width\":469,\"height\":469,\"caption\":\"Aux Arts de la Pierre\"},\"image\":{\"@id\":\"https:\\\/\\\/ronds-points.ch\\\/#\\\/schema\\\/logo\\\/image\\\/\"}}]}<\/script>\n<!-- \/ Yoast SEO plugin. -->","yoast_head_json":{"title":"riservatezza - Rotatorie","robots":{"index":"index","follow":"follow","max-snippet":"max-snippet:-1","max-image-preview":"max-image-preview:large","max-video-preview":"max-video-preview:-1"},"canonical":"https:\/\/ronds-points.ch\/it\/riservatezza\/","og_locale":"it_IT","og_type":"article","og_title":"confidentialite - Ronds Points","og_description":"POLITIQUE DE CONFIDENTIALIT\u00c9","og_url":"https:\/\/ronds-points.ch\/it\/riservatezza\/","og_site_name":"Ronds Points","article_modified_time":"2026-03-16T10:33:20+00:00","twitter_card":"summary_large_image","schema":{"@context":"https:\/\/schema.org","@graph":[{"@type":"WebPage","@id":"https:\/\/ronds-points.ch\/confidentialite\/","url":"https:\/\/ronds-points.ch\/confidentialite\/","name":"riservatezza - Rotatorie","isPartOf":{"@id":"https:\/\/ronds-points.ch\/#website"},"datePublished":"2026-03-16T10:31:47+00:00","dateModified":"2026-03-16T10:33:20+00:00","breadcrumb":{"@id":"https:\/\/ronds-points.ch\/confidentialite\/#breadcrumb"},"inLanguage":"it-IT","potentialAction":[{"@type":"ReadAction","target":["https:\/\/ronds-points.ch\/confidentialite\/"]}]},{"@type":"BreadcrumbList","@id":"https:\/\/ronds-points.ch\/confidentialite\/#breadcrumb","itemListElement":[{"@type":"ListItem","position":1,"name":"Accueil","item":"https:\/\/ronds-points.ch\/"},{"@type":"ListItem","position":2,"name":"confidentialite"}]},{"@type":"WebSite","@id":"https:\/\/ronds-points.ch\/#website","url":"https:\/\/ronds-points.ch\/","name":"Rotonde","description":"Studio, realizzazione, fornitura e realizzazione delle vostre future rotonde","publisher":{"@id":"https:\/\/ronds-points.ch\/#organization"},"potentialAction":[{"@type":"SearchAction","target":{"@type":"EntryPoint","urlTemplate":"https:\/\/ronds-points.ch\/?s={search_term_string}"},"query-input":{"@type":"PropertyValueSpecification","valueRequired":true,"valueName":"search_term_string"}}],"inLanguage":"it-IT"},{"@type":"Organization","@id":"https:\/\/ronds-points.ch\/#organization","name":"Alle arti della pietra","url":"https:\/\/ronds-points.ch\/","logo":{"@type":"ImageObject","inLanguage":"it-IT","@id":"https:\/\/ronds-points.ch\/#\/schema\/logo\/image\/","url":"https:\/\/ronds-points.ch\/wp-content\/uploads\/2021\/01\/LG-K-aap.jpg","contentUrl":"https:\/\/ronds-points.ch\/wp-content\/uploads\/2021\/01\/LG-K-aap.jpg","width":469,"height":469,"caption":"Aux Arts de la Pierre"},"image":{"@id":"https:\/\/ronds-points.ch\/#\/schema\/logo\/image\/"}}]}},"_links":{"self":[{"href":"https:\/\/ronds-points.ch\/it\/wp-json\/wp\/v2\/pages\/1992","targetHints":{"allow":["GET"]}}],"collection":[{"href":"https:\/\/ronds-points.ch\/it\/wp-json\/wp\/v2\/pages"}],"about":[{"href":"https:\/\/ronds-points.ch\/it\/wp-json\/wp\/v2\/types\/page"}],"author":[{"embeddable":true,"href":"https:\/\/ronds-points.ch\/it\/wp-json\/wp\/v2\/users\/1"}],"replies":[{"embeddable":true,"href":"https:\/\/ronds-points.ch\/it\/wp-json\/wp\/v2\/comments?post=1992"}],"version-history":[{"count":2,"href":"https:\/\/ronds-points.ch\/it\/wp-json\/wp\/v2\/pages\/1992\/revisions"}],"predecessor-version":[{"id":1995,"href":"https:\/\/ronds-points.ch\/it\/wp-json\/wp\/v2\/pages\/1992\/revisions\/1995"}],"wp:attachment":[{"href":"https:\/\/ronds-points.ch\/it\/wp-json\/wp\/v2\/media?parent=1992"}],"curies":[{"name":"wp","href":"https:\/\/api.w.org\/{rel}","templated":true}]}}